{"id":10985,"date":"2022-01-06T22:13:54","date_gmt":"2022-01-06T22:13:54","guid":{"rendered":"https:\/\/www.accessecure.ca\/programme-de-recommandation\/"},"modified":"2022-11-16T13:14:39","modified_gmt":"2022-11-16T13:14:39","slug":"programme-de-recommandation","status":"publish","type":"page","link":"https:\/\/www.accessecure.ca\/fr\/programme-de-recommandation\/","title":{"rendered":"Programme de recommandation"},"content":{"rendered":"<section id=\"bt_bb_section69ef97083380b\"  class=\"bt_bb_section bt_bb_color_scheme_1 bt_bb_layout_wide bt_bb_vertical_align_top\" style=\"background: transparent;\"><div class=\"bt_bb_port\"><div class=\"bt_bb_cell\"><div class=\"bt_bb_cell_inner\"><div class=\"bt_bb_row_wrapper\"><div  class=\"bt_bb_row\"  data-bt-override-class=\"{}\"><div  class=\"bt_bb_column col-md-12 col-ms-12 bt_bb_align_left bt_bb_vertical_align_top bt_bb_padding_normal\"  data-width=\"12\"><div class=\"bt_bb_column_content\"><div class=\"bt_bb_content_slider bt_bb_gap_no_gap bt_bb_arrows_size_no_arrows bt_bb_show_dots_right bt_bb_dots_style_accent_dot bt_bb_height_half_screen bt_bb_animation_fade bt_bb_hidden_xs bt_bb_hidden_ms bt_bb_hidden_sm bt_bb_animation_fade animate\"><div class=\"slick-slider fade\"  data-slick='{ \"lazyLoad\": \"progressive\", \"cssEase\": \"ease-out\", \"speed\": \"600\", \"fade\": true, \"prevArrow\": \"\", \"nextArrow\": \"\", \"adaptiveHeight\": true, \"dots\": true,\"autoplay\": true, \"autoplaySpeed\": 8000,\"pauseOnHover\": false}' ><div class=\"bt_bb_content_slider_item\" style=\";background-image:url(https:\/\/www.accessecure.ca\/wp-content\/uploads\/2022\/01\/Access-Secure-referral.jpg);\"><div class=\"bt_bb_content_slider_item_content content\"><div class=\"bt_bb_row_wrapper\"><div  class=\"bt_bb_row_inner\"  data-bt-override-class=\"{}\"><div  class=\"bt_bb_column_inner col-md-6 col-sm-12 bt_bb_align_left bt_bb_vertical_align_top bt_bb_animation_fade_in move_up animate bt_bb_padding_normal bt_bb_animation_fade_in bt_bb_animation_move_up animate\"  data-width=\"6\"><div class=\"bt_bb_column_inner_content\"><div class=\"bt_bb_separator bt_bb_border_style_none bt_bb_top_spacing_medium bt_bb_bottom_spacing_medium\" data-bt-override-class=\"null\"><\/div><header class=\"bt_bb_headline bt_bb_color_scheme_2 bt_bb_dash_top bt_bb_superheadline bt_bb_superheadline_outside bt_bb_subheadline bt_bb_size_large bt_bb_align_inherit\" style=\"; --primary-color:#191919; --secondary-color:#ffffff;\" data-bt-override-class=\"{&quot;bt_bb_size_&quot;:{&quot;current_class&quot;:&quot;bt_bb_size_large&quot;,&quot;xxl&quot;:&quot;large&quot;,&quot;xl&quot;:&quot;large&quot;},&quot;bt_bb_align_&quot;:{&quot;current_class&quot;:&quot;bt_bb_align_inherit&quot;,&quot;xxl&quot;:&quot;inherit&quot;,&quot;xl&quot;:&quot;inherit&quot;}}\"><div class=\"bt_bb_headline_superheadline_outside\"><span class=\"bt_bb_headline_superheadline\">Nous aimons les recommandations<\/span><\/div><h1 class=\"bt_bb_headline_tag\"><span class=\"bt_bb_headline_content\"><span><u>Notre programme<\/u> <b>de recommandation<\/b><\/span><\/span><\/h1><div class=\"bt_bb_headline_subheadline\">Gagnez 50 $ de cr\u00e9dit en recommandant un client.<\/div><\/header><div class=\"bt_bb_separator bt_bb_border_style_none bt_bb_top_spacing_extra_small bt_bb_bottom_spacing_small\" data-bt-override-class=\"null\"><\/div><div class=\"bt_bb_separator bt_bb_border_style_none bt_bb_bottom_spacing_medium\" data-bt-override-class=\"null\"><\/div><div class=\"bt_bb_separator bt_bb_border_style_none bt_bb_bottom_spacing_small\" data-bt-override-class=\"null\"><\/div><div class=\"bt_bb_separator bt_bb_border_style_none bt_bb_bottom_spacing_large\" data-bt-override-class=\"null\"><\/div><\/div><\/div><div  class=\"bt_bb_column_inner col-md-6 col-sm-12 bt_bb_align_left bt_bb_vertical_align_top\"  data-width=\"6\"><div class=\"bt_bb_column_inner_content\"><\/div><\/div><\/div><\/div><\/div><\/div><\/div><\/div><div class=\"bt_bb_content_slider bt_bb_gap_no_gap bt_bb_arrows_size_no_arrows bt_bb_show_dots_hide bt_bb_dots_style_accent_dot bt_bb_height_full_screen bt_bb_animation_fade bt_bb_hidden_md bt_bb_hidden_lg bt_bb_animation_fade animate\"><div class=\"slick-slider fade\"  data-slick='{ \"lazyLoad\": \"progressive\", \"cssEase\": \"ease-out\", \"speed\": \"600\", \"fade\": true, \"prevArrow\": \"\", \"nextArrow\": \"\", \"adaptiveHeight\": true,\"autoplay\": true, \"autoplaySpeed\": 8000,\"pauseOnHover\": false}' ><div class=\"bt_bb_content_slider_item\" style=\";background-image:url(https:\/\/www.accessecure.ca\/wp-content\/uploads\/2022\/01\/Access-Secure-referral-sm.jpg);\"><div class=\"bt_bb_content_slider_item_content content\"><div class=\"bt_bb_row_wrapper\"><div  class=\"bt_bb_row_inner\"  data-bt-override-class=\"{}\"><div  class=\"bt_bb_column_inner col-md-12 col-ms-12 bt_bb_align_center bt_bb_vertical_align_bottom bt_bb_animation_fade_in move_up animate bt_bb_padding_normal bt_bb_animation_fade_in bt_bb_animation_move_up animate\"  data-width=\"12\"><div class=\"bt_bb_column_inner_content\"><div class=\"bt_bb_separator bt_bb_border_style_none bt_bb_top_spacing_extra_large\" data-bt-override-class=\"null\"><\/div><div class=\"bt_bb_separator bt_bb_border_style_none bt_bb_top_spacing_large\" data-bt-override-class=\"null\"><\/div><header class=\"bt_bb_headline bt_bb_color_scheme_1 bt_bb_dash_none bt_bb_size_normal bt_bb_align_inherit\" style=\"; --primary-color:#ffffff; --secondary-color:#191919;;color:#ffffff;border-color:#ffffff;\" data-bt-override-class=\"{&quot;bt_bb_size_&quot;:{&quot;current_class&quot;:&quot;bt_bb_size_normal&quot;,&quot;xxl&quot;:&quot;normal&quot;,&quot;xl&quot;:&quot;normal&quot;},&quot;bt_bb_align_&quot;:{&quot;current_class&quot;:&quot;bt_bb_align_inherit&quot;,&quot;xxl&quot;:&quot;inherit&quot;,&quot;xl&quot;:&quot;inherit&quot;}}\"><h1 class=\"bt_bb_headline_tag\"><span class=\"bt_bb_headline_content\"><span>Notre programme de recommadation<\/span><\/span><\/h1><\/header><div class=\"bt_bb_separator bt_bb_border_style_none bt_bb_top_spacing_medium\" data-bt-override-class=\"null\"><\/div><div class=\"bt_bb_button bt_bb_icon_position_left bt_bb_color_scheme_6 bt_bb_style_filled bt_bb_size_normal bt_bb_width_inline bt_bb_shape_inherit bt_bb_align_inherit bt_bb_hidden_xs bt_bb_hidden_ms bt_bb_hidden_sm bt_bb_hidden_md bt_bb_hidden_lg\"><a href=\"#\" target=\"_self\" class=\"bt_bb_link\" title=\"Plus d&#039;informations\"><span class=\"bt_bb_button_text\">Plus d'informations<\/span><\/a><\/div><div class=\"bt_bb_separator bt_bb_border_style_none bt_bb_top_spacing_small\" data-bt-override-class=\"null\"><\/div><div class=\"bt_bb_separator bt_bb_border_style_none bt_bb_top_spacing_medium\" data-bt-override-class=\"null\"><\/div><\/div><\/div><\/div><\/div><\/div><\/div><\/div><\/div><\/div><\/div><\/div><\/div><\/div><\/div><\/div><\/section><section id=\"bt_bb_section69ef970834cc4\"  class=\"bt_bb_section bt_bb_bottom_spacing_medium bt_bb_layout_boxed_1200 bt_bb_vertical_align_top\" style=\"background-position:top;background-size:contain;\"><div class=\"bt_bb_port\"><div class=\"bt_bb_cell\"><div class=\"bt_bb_cell_inner\"><div class=\"bt_bb_row_wrapper\"><div  class=\"bt_bb_row\"  data-bt-override-class=\"{}\"><div  class=\"bt_bb_column col-md-12 col-ms-12 bt_bb_align_left bt_bb_vertical_align_top bt_bb_animation_fade_in move_up animate bt_bb_padding_normal bt_bb_animation_fade_in bt_bb_animation_move_up animate\"  data-width=\"12\"><div class=\"bt_bb_column_content\"><div class=\"bt_bb_separator bt_bb_border_style_none bt_bb_bottom_spacing_normal\" data-bt-override-class=\"null\"><\/div><header class=\"bt_bb_headline bt_bb_font_weight_light bt_bb_dash_top bt_bb_subheadline bt_bb_size_large bt_bb_align_inherit\" data-bt-override-class=\"{&quot;bt_bb_size_&quot;:{&quot;current_class&quot;:&quot;bt_bb_size_large&quot;,&quot;xxl&quot;:&quot;large&quot;,&quot;xl&quot;:&quot;large&quot;},&quot;bt_bb_align_&quot;:{&quot;current_class&quot;:&quot;bt_bb_align_inherit&quot;,&quot;xxl&quot;:&quot;inherit&quot;,&quot;xl&quot;:&quot;inherit&quot;}}\"><h2 style=\"font-size:2.5rem\" class=\"bt_bb_headline_tag\"><span class=\"bt_bb_headline_content\"><span><b>Programme de recommandation de clients <\/b><\/span><\/span><\/h2><div class=\"bt_bb_headline_subheadline\">Acces Secure tient \u00e0 vous remercier d'\u00eatre un client fid\u00e8le !<br \/>\r\n<br \/>\r\nGr\u00e2ce \u00e0 notre programme de recommandation, vous pouvez maintenant gagner 50 $ de cr\u00e9dit en recommandant un membre de votre famille, un voisin ou un ami !<br \/>\r\n<br \/>\r\nRecevez un cr\u00e9dit \u00e0 utiliser pour vos services de s\u00e9curit\u00e9. Aussi, votre ami r\u00e9f\u00e9r\u00e9 re\u00e7oit le m\u00eame cr\u00e9dit de 50 $ pour les siens. De plus, votre ami peut maintenant profiter des m\u00eames avantages que vous avez d\u00e9j\u00e0 avec un syst\u00e8me d'alarme Acces Secure surveill\u00e9 24\/7.<br \/>\r\n<br \/>\r\nNotre entreprise r\u00e9ussit gr\u00e2ce \u00e0 des clients satisfaits, et nous aimerions que vous compreniez \u00e0 quel point nous appr\u00e9cions ce que nos clients disent de nous. C'est pourquoi nous avons lanc\u00e9 le programme de recommandation d'un ami comme moyen de vous dire ``Merci``.<br \/>\r\n<br \/>\r\n\u00cates-vous satisfait de notre service ? Pensez \u00e0 le faire savoir \u00e0 vos amis et \u00e0 votre famille. Nous appliquerons automatiquement \u00e0 votre compte un cr\u00e9dit de 50 $ sur les services ou les nouveaux \u00e9quipements pour chaque recommandation qui aboutit \u00e0 la vente d'un syst\u00e8me de s\u00e9curit\u00e9 surveill\u00e9. De plus, votre ami recevra \u00e9galement un cr\u00e9dit de 50 $ \u00e0 valoir sur ses services de s\u00e9curit\u00e9 !<br \/>\r\n<br \/>\r\nVeuillez remplir le formulaire ci-dessous et profiter de notre programme de parrainage. Nous appr\u00e9cions sinc\u00e8rement votre recommandation et sommes heureux de vous compter parmi nos clients. Merci encore d'avoir fait conna\u00eetre notre entreprise.<\/div><\/header><div class=\"bt_bb_separator bt_bb_border_style_none bt_bb_bottom_spacing_small\" data-bt-override-class=\"null\"><\/div><\/div><\/div><\/div><\/div><div class=\"bt_bb_row_wrapper\"><div  class=\"bt_bb_row bt_bb_column_gap_extra_small\"  data-bt-override-class=\"{}\"><div  class=\"bt_bb_column col-md-6 col-sm-12 bt_bb_align_left bt_bb_vertical_align_top bt_bb_animation_fade_in animate bt_bb_padding_normal bt_bb_mobile_align_to_left_edge bt_bb_animation_fade_in animate\"  data-width=\"6\"><div class=\"bt_bb_column_content\"><div class=\"bt_bb_separator bt_bb_border_style_none bt_bb_bottom_spacing_small\" data-bt-override-class=\"null\"><\/div><div class=\"bt_bb_image bt_bb_shape_square bt_bb_target_self bt_bb_align_inherit bt_bb_hover_style_simple bt_bb_content_display_always bt_bb_content_align_middle\" data-bt-override-class=\"{&quot;bt_bb_align_&quot;:{&quot;current_class&quot;:&quot;bt_bb_align_inherit&quot;,&quot;xxl&quot;:&quot;inherit&quot;,&quot;xl&quot;:&quot;inherit&quot;}}\"><span><img width=\"500\" height=\"500\" src=\"https:\/\/www.accessecure.ca\/wp-content\/uploads\/2022\/01\/50-referral.png\" class=\"attachment-full size-full\" alt=\"https:\/\/www.accessecure.ca\/wp-content\/uploads\/2022\/01\/50-referral.png\" data-full_image_src=\"https:\/\/www.accessecure.ca\/wp-content\/uploads\/2022\/01\/50-referral.png\" title=\"50-referral\" srcset=\"https:\/\/www.accessecure.ca\/wp-content\/uploads\/2022\/01\/50-referral.png 500w, https:\/\/www.accessecure.ca\/wp-content\/uploads\/2022\/01\/50-referral-160x160.png 160w, https:\/\/www.accessecure.ca\/wp-content\/uploads\/2022\/01\/50-referral-320x320.png 320w\" sizes=\"(max-width: 500px) 100vw, 500px\" \/><\/span><\/div><div class=\"bt_bb_separator bt_bb_border_style_none bt_bb_bottom_spacing_normal\" data-bt-override-class=\"null\"><\/div><\/div><\/div><div  class=\"bt_bb_column col-md-6 col-sm-12 bt_bb_align_left bt_bb_vertical_align_top bt_bb_animation_fade_in animate bt_bb_padding_normal bt_bb_animation_fade_in animate\"  data-width=\"6\"><div class=\"bt_bb_column_content\"><div class=\"bt_bb_separator bt_bb_border_style_none bt_bb_top_spacing_normal\" data-bt-override-class=\"null\"><\/div><div class=\"bt_bb_contact_form_7\"><div class=\"wpcf7 no-js\" id=\"wpcf7-f10966-o1\" lang=\"en-US\" dir=\"ltr\">\n<div class=\"screen-reader-response\"><p role=\"status\" aria-live=\"polite\" aria-atomic=\"true\"><\/p> <ul><\/ul><\/div>\n<form action=\"\/fr\/wp-json\/wp\/v2\/pages\/10985#wpcf7-f10966-o1\" method=\"post\" class=\"wpcf7-form init\" aria-label=\"Contact form\" novalidate=\"novalidate\" data-status=\"init\">\n<div style=\"display: none;\">\n<input type=\"hidden\" name=\"_wpcf7\" value=\"10966\" \/>\n<input type=\"hidden\" name=\"_wpcf7_version\" value=\"5.7.1\" \/>\n<input type=\"hidden\" name=\"_wpcf7_locale\" value=\"en_US\" \/>\n<input type=\"hidden\" name=\"_wpcf7_unit_tag\" value=\"wpcf7-f10966-o1\" \/>\n<input type=\"hidden\" name=\"_wpcf7_container_post\" value=\"0\" \/>\n<input type=\"hidden\" name=\"_wpcf7_posted_data_hash\" value=\"\" \/>\n<\/div>\n<p><span class=\"wpcf7-form-control-wrap\" data-name=\"Nom\"><input size=\"40\" class=\"wpcf7-form-control wpcf7-text wpcf7-validates-as-required\" aria-required=\"true\" aria-invalid=\"false\" placeholder=\"Nom\" value=\"\" type=\"text\" name=\"Nom\" \/><\/span><br \/>\n<span class=\"wpcf7-form-control-wrap\" data-name=\"Courriel\"><input size=\"40\" class=\"wpcf7-form-control wpcf7-text wpcf7-email wpcf7-validates-as-required wpcf7-validates-as-email\" aria-required=\"true\" aria-invalid=\"false\" placeholder=\"Courriel\" value=\"\" type=\"email\" name=\"Courriel\" \/><\/span><br \/>\n<span class=\"wpcf7-form-control-wrap\" data-name=\"Adresse\"><input size=\"40\" class=\"wpcf7-form-control wpcf7-text wpcf7-validates-as-required\" aria-required=\"true\" aria-invalid=\"false\" placeholder=\"Adresse\" value=\"\" type=\"text\" name=\"Adresse\" \/><\/span><br \/>\n<span class=\"wpcf7-form-control-wrap\" data-name=\"Ville\"><input size=\"40\" class=\"wpcf7-form-control wpcf7-text wpcf7-validates-as-required\" aria-required=\"true\" aria-invalid=\"false\" placeholder=\"Ville\" value=\"\" type=\"text\" name=\"Ville\" \/><\/span><br \/>\n<span class=\"wpcf7-form-control-wrap\" data-name=\"CodePostal\"><input size=\"40\" class=\"wpcf7-form-control wpcf7-text wpcf7-validates-as-required\" aria-required=\"true\" aria-invalid=\"false\" placeholder=\"Code Postal\" value=\"\" type=\"text\" name=\"CodePostal\" \/><\/span><br \/>\n<span class=\"wpcf7-form-control-wrap\" data-name=\"Telephone\"><input size=\"40\" class=\"wpcf7-form-control wpcf7-text wpcf7-tel wpcf7-validates-as-required wpcf7-validates-as-tel\" aria-required=\"true\" aria-invalid=\"false\" placeholder=\"T\u00e9l\u00e9phone\" value=\"\" type=\"tel\" name=\"Telephone\" \/><\/span><br \/>\nR\u00e9f\u00e9rence:<br \/>\n<span class=\"wpcf7-form-control-wrap\" data-name=\"NomReference\"><input size=\"40\" class=\"wpcf7-form-control wpcf7-text wpcf7-validates-as-required\" aria-required=\"true\" aria-invalid=\"false\" placeholder=\"Nom\" value=\"\" type=\"text\" name=\"NomReference\" \/><\/span><br \/>\n<span class=\"wpcf7-form-control-wrap\" data-name=\"TelephoneReference\"><input size=\"40\" class=\"wpcf7-form-control wpcf7-text wpcf7-tel wpcf7-validates-as-required wpcf7-validates-as-tel\" aria-required=\"true\" aria-invalid=\"false\" placeholder=\"T\u00e9l\u00e9phone\" value=\"\" type=\"tel\" name=\"TelephoneReference\" \/><\/span><br \/>\n<input class=\"wpcf7-form-control has-spinner wpcf7-submit\" type=\"submit\" value=\"Envoyer votre r\u00e9f\u00e9rence\" \/>\n<\/p><div class=\"wpcf7-response-output\" aria-hidden=\"true\"><\/div><\/form><\/div><\/div><\/div><\/div><\/div><\/div><\/div><\/div><\/div><\/section>","protected":false},"excerpt":{"rendered":"<p>Completely synergize resource taxing relationships via premier niche markets. Professionally cultivate one-to-one customer service with robust ideas. Dynamically innovate resource-leveling customer service for state of the art customer service.<\/p>\n","protected":false},"author":1,"featured_media":0,"parent":0,"menu_order":0,"comment_status":"closed","ping_status":"closed","template":"","meta":{"_seopress_robots_primary_cat":""},"_links":{"self":[{"href":"https:\/\/www.accessecure.ca\/fr\/wp-json\/wp\/v2\/pages\/10985"}],"collection":[{"href":"https:\/\/www.accessecure.ca\/fr\/wp-json\/wp\/v2\/pages"}],"about":[{"href":"https:\/\/www.accessecure.ca\/fr\/wp-json\/wp\/v2\/types\/page"}],"author":[{"embeddable":true,"href":"https:\/\/www.accessecure.ca\/fr\/wp-json\/wp\/v2\/users\/1"}],"replies":[{"embeddable":true,"href":"https:\/\/www.accessecure.ca\/fr\/wp-json\/wp\/v2\/comments?post=10985"}],"version-history":[{"count":0,"href":"https:\/\/www.accessecure.ca\/fr\/wp-json\/wp\/v2\/pages\/10985\/revisions"}],"wp:attachment":[{"href":"https:\/\/www.accessecure.ca\/fr\/wp-json\/wp\/v2\/media?parent=10985"}],"curies":[{"name":"wp","href":"https:\/\/api.w.org\/{rel}","templated":true}]}}