{"id":4139,"date":"2020-02-29T19:40:14","date_gmt":"2020-02-29T19:40:14","guid":{"rendered":"https:\/\/www.loginsecure.ca\/controle-dacces\/"},"modified":"2022-11-16T13:04:14","modified_gmt":"2022-11-16T13:04:14","slug":"controle-acces","status":"publish","type":"page","link":"https:\/\/www.accessecure.ca\/fr\/controle-acces\/","title":{"rendered":"CONTR\u00d4LE D&rsquo;ACC\u00c8S"},"content":{"rendered":"<section id=\"bt_bb_section69fa07bbe871e\"  class=\"bt_bb_section bt_bb_color_scheme_1 bt_bb_layout_wide bt_bb_vertical_align_top\" style=\"background: transparent;\"><div class=\"bt_bb_port\"><div class=\"bt_bb_cell\"><div class=\"bt_bb_cell_inner\"><div class=\"bt_bb_row_wrapper\"><div  class=\"bt_bb_row\"  data-bt-override-class=\"{}\"><div  class=\"bt_bb_column col-md-12 col-ms-12 bt_bb_align_left bt_bb_vertical_align_top bt_bb_padding_normal\"  data-width=\"12\"><div class=\"bt_bb_column_content\"><div class=\"bt_bb_content_slider bt_bb_gap_no_gap bt_bb_arrows_size_no_arrows bt_bb_show_dots_right bt_bb_dots_style_accent_dot bt_bb_height_half_screen bt_bb_animation_fade bt_bb_hidden_xs bt_bb_hidden_ms bt_bb_hidden_sm bt_bb_animation_fade animate\"><div class=\"slick-slider fade\"  data-slick='{ \"lazyLoad\": \"progressive\", \"cssEase\": \"ease-out\", \"speed\": \"600\", \"fade\": true, \"prevArrow\": \"\", \"nextArrow\": \"\", \"adaptiveHeight\": true, \"dots\": true,\"autoplay\": true, \"autoplaySpeed\": 8000,\"pauseOnHover\": false}' ><div class=\"bt_bb_content_slider_item\" style=\";background-image:url(https:\/\/www.accessecure.ca\/wp-content\/uploads\/2019\/12\/Access-Control1-2.jpg);\"><div class=\"bt_bb_content_slider_item_content content\"><div class=\"bt_bb_row_wrapper\"><div  class=\"bt_bb_row_inner\"  data-bt-override-class=\"{}\"><div  class=\"bt_bb_column_inner col-md-6 col-sm-12 bt_bb_align_left bt_bb_vertical_align_top bt_bb_animation_fade_in move_up animate bt_bb_padding_normal bt_bb_animation_fade_in bt_bb_animation_move_up animate\"  data-width=\"6\"><div class=\"bt_bb_column_inner_content\"><div class=\"bt_bb_separator bt_bb_border_style_none bt_bb_top_spacing_medium bt_bb_bottom_spacing_medium\" data-bt-override-class=\"null\"><\/div><header class=\"bt_bb_headline bt_bb_color_scheme_2 bt_bb_dash_top bt_bb_superheadline bt_bb_superheadline_outside bt_bb_size_large bt_bb_align_inherit\" style=\"; --primary-color:#191919; --secondary-color:#ffffff;\" data-bt-override-class=\"{}\"><div class=\"bt_bb_headline_superheadline_outside\"><span class=\"bt_bb_headline_superheadline\">TROUVEZ CE DONT VOUS AVEZ BESOIN<\/span><\/div><h1 class=\"bt_bb_headline_tag\"><span class=\"bt_bb_headline_content\"><span><u>Contr\u00f4le<\/u> <b>d'acc\u00e8s<\/b><br \/>\r\n<\/span><\/span><\/h1><\/header><div class=\"bt_bb_separator bt_bb_border_style_none bt_bb_top_spacing_extra_small bt_bb_bottom_spacing_small\" data-bt-override-class=\"null\"><\/div><div class=\"bt_bb_separator bt_bb_border_style_none bt_bb_bottom_spacing_medium\" data-bt-override-class=\"null\"><\/div><div class=\"bt_bb_separator bt_bb_border_style_none bt_bb_bottom_spacing_small\" data-bt-override-class=\"null\"><\/div><div class=\"bt_bb_separator bt_bb_border_style_none bt_bb_bottom_spacing_large\" data-bt-override-class=\"null\"><\/div><\/div><\/div><div  class=\"bt_bb_column_inner col-md-6 col-sm-12 bt_bb_align_left bt_bb_vertical_align_top\"  data-width=\"6\"><div class=\"bt_bb_column_inner_content\"><\/div><\/div><\/div><\/div><\/div><\/div><\/div><\/div><div class=\"bt_bb_content_slider bt_bb_gap_no_gap bt_bb_arrows_size_no_arrows bt_bb_show_dots_hide bt_bb_dots_style_accent_dot bt_bb_height_full_screen bt_bb_animation_fade bt_bb_hidden_md bt_bb_hidden_lg bt_bb_animation_fade animate\"><div class=\"slick-slider fade\"  data-slick='{ \"lazyLoad\": \"progressive\", \"cssEase\": \"ease-out\", \"speed\": \"600\", \"fade\": true, \"prevArrow\": \"\", \"nextArrow\": \"\", \"adaptiveHeight\": true,\"autoplay\": true, \"autoplaySpeed\": 8000,\"pauseOnHover\": false}' ><div class=\"bt_bb_content_slider_item\" style=\";background-image:url(https:\/\/www.accessecure.ca\/wp-content\/uploads\/2019\/12\/Slider-acces-control-sm21-1.jpg);\"><div class=\"bt_bb_content_slider_item_content content\"><div class=\"bt_bb_row_wrapper\"><div  class=\"bt_bb_row_inner\"  data-bt-override-class=\"{}\"><div  class=\"bt_bb_column_inner col-md-12 col-ms-12 bt_bb_align_center bt_bb_vertical_align_bottom bt_bb_animation_fade_in move_up animate bt_bb_padding_normal bt_bb_animation_fade_in bt_bb_animation_move_up animate\"  data-width=\"12\"><div class=\"bt_bb_column_inner_content\"><div class=\"bt_bb_separator bt_bb_border_style_none bt_bb_top_spacing_extra_large\" data-bt-override-class=\"null\"><\/div><div class=\"bt_bb_separator bt_bb_border_style_none bt_bb_top_spacing_large\" data-bt-override-class=\"null\"><\/div><header class=\"bt_bb_headline bt_bb_color_scheme_1 bt_bb_dash_none bt_bb_size_normal bt_bb_align_inherit\" style=\"; --primary-color:#ffffff; --secondary-color:#191919;;color:#ffffff;border-color:#ffffff;\" data-bt-override-class=\"{}\"><h1 class=\"bt_bb_headline_tag\"><span class=\"bt_bb_headline_content\"><span>Contr\u00f4le d'acc\u00e8s<br \/>\r\n<\/span><\/span><\/h1><\/header><div class=\"bt_bb_separator bt_bb_border_style_none bt_bb_top_spacing_medium\" data-bt-override-class=\"null\"><\/div><div class=\"bt_bb_button bt_bb_icon_position_left bt_bb_color_scheme_6 bt_bb_style_filled bt_bb_size_normal bt_bb_width_inline bt_bb_shape_inherit bt_bb_align_inherit bt_bb_hidden_xs bt_bb_hidden_ms bt_bb_hidden_sm bt_bb_hidden_md bt_bb_hidden_lg\"><a href=\"#\" target=\"_self\" class=\"bt_bb_link\" title=\"More information\"><span class=\"bt_bb_button_text\">More information<\/span><\/a><\/div><div class=\"bt_bb_separator bt_bb_border_style_none bt_bb_top_spacing_small\" data-bt-override-class=\"null\"><\/div><div class=\"bt_bb_separator bt_bb_border_style_none bt_bb_top_spacing_medium\" data-bt-override-class=\"null\"><\/div><\/div><\/div><\/div><\/div><\/div><\/div><\/div><\/div><\/div><\/div><\/div><\/div><\/div><\/div><\/div><\/section><section id=\"bt_bb_section69fa07bbe96e9\"  data-background_image_src=\"'https:\/\/www.accessecure.ca\/wp-content\/uploads\/2019\/04\/bgn-industries.png'\" class=\"bt_bb_section bt_bb_bottom_spacing_medium bt_bb_layout_boxed_1200 bt_bb_vertical_align_top btLazyLoadBackground bt_bb_background_image\" style=\"background-image:url(&#039;https:\/\/www.accessecure.ca\/wp-content\/plugins\/bold-page-builder\/img\/blank.gif&#039;);background-position:top;background-size:contain;\"><div class=\"bt_bb_port\"><div class=\"bt_bb_cell\"><div class=\"bt_bb_cell_inner\"><div class=\"bt_bb_row_wrapper\"><div  class=\"bt_bb_row\"  data-bt-override-class=\"{}\"><div  class=\"bt_bb_column col-md-12 col-ms-12 bt_bb_align_left bt_bb_vertical_align_top bt_bb_animation_fade_in move_up animate bt_bb_padding_normal bt_bb_animation_fade_in bt_bb_animation_move_up animate\"  data-width=\"12\"><div class=\"bt_bb_column_content\"><div class=\"bt_bb_separator bt_bb_border_style_none bt_bb_top_spacing_medium bt_bb_bottom_spacing_normal\" data-bt-override-class=\"null\"><\/div><header class=\"bt_bb_headline bt_bb_font_weight_light bt_bb_dash_top bt_bb_subheadline bt_bb_size_large bt_bb_align_inherit\" data-bt-override-class=\"{}\"><h2 style=\"font-size:2.5rem\" class=\"bt_bb_headline_tag\"><span class=\"bt_bb_headline_content\"><span><b>Contr\u00f4le d'acc\u00e8s<\/b><br \/>\r\n<\/span><\/span><\/h2><div class=\"bt_bb_headline_subheadline\">La protection des b\u00e2timents, des actifs et des employ\u00e9s est une priorit\u00e9 absolue pour toute entreprise. Acces Secure peut installer un syst\u00e8me de contr\u00f4le d'acc\u00e8s sur mesure pour s\u00e9curiser votre propri\u00e9t\u00e9 et les personnes qui la composent.<\/div><\/header><div class=\"bt_bb_image bt_bb_shape_square bt_bb_target_self bt_bb_align_inherit bt_bb_hover_style_simple bt_bb_content_display_always bt_bb_content_align_middle\" data-bt-override-class=\"{}\"><span><img width=\"820\" height=\"500\" src=\"https:\/\/www.accessecure.ca\/wp-content\/uploads\/2020\/02\/access-control-total-protection.jpg\" class=\"attachment-full size-full\" alt=\"24\/7 protection\" data-full_image_src=\"https:\/\/www.accessecure.ca\/wp-content\/uploads\/2020\/02\/access-control-total-protection.jpg\" title=\"access-control-total-protection\" srcset=\"https:\/\/www.accessecure.ca\/wp-content\/uploads\/2020\/02\/access-control-total-protection.jpg 820w, https:\/\/www.accessecure.ca\/wp-content\/uploads\/2020\/02\/access-control-total-protection-640x390.jpg 640w, https:\/\/www.accessecure.ca\/wp-content\/uploads\/2020\/02\/access-control-total-protection-768x468.jpg 768w, https:\/\/www.accessecure.ca\/wp-content\/uploads\/2020\/02\/access-control-total-protection-320x195.jpg 320w\" sizes=\"(max-width: 820px) 100vw, 820px\" \/><\/span><\/div><\/div><\/div><\/div><\/div><\/div><\/div><\/div><\/section><section id=\"bt_bb_section69fa07bbe9bfd\"  class=\"bt_bb_section bt_bb_bottom_spacing_medium bt_bb_layout_boxed_1200 bt_bb_vertical_align_top\" style=\"background-position:top;background-size:contain;\"><div class=\"bt_bb_port\"><div class=\"bt_bb_cell\"><div class=\"bt_bb_cell_inner\"><div class=\"bt_bb_row_wrapper\"><div  class=\"bt_bb_row\"  data-bt-override-class=\"{}\"><div  class=\"bt_bb_column col-md-12 col-ms-12 bt_bb_align_left bt_bb_vertical_align_top bt_bb_animation_fade_in move_up animate bt_bb_padding_normal bt_bb_animation_fade_in bt_bb_animation_move_up animate\"  data-width=\"12\"><div class=\"bt_bb_column_content\"><div class=\"bt_bb_separator bt_bb_border_style_none bt_bb_bottom_spacing_normal\" data-bt-override-class=\"null\"><\/div><header class=\"bt_bb_headline bt_bb_font_weight_light bt_bb_dash_top bt_bb_subheadline bt_bb_size_large bt_bb_align_inherit\" data-bt-override-class=\"{}\"><h2 style=\"font-size:2.5rem\" class=\"bt_bb_headline_tag\"><span class=\"bt_bb_headline_content\"><span><b>Avantages cl\u00e9s<\/b><br \/>\r\n<\/span><\/span><\/h2><div class=\"bt_bb_headline_subheadline\">Notre solution int\u00e9gr\u00e9e vous aidera \u00e0 g\u00e9rer le flux de personnes dans vos locaux et \u00e0 configurer l'acc\u00e8s aux diff\u00e9rents espaces de votre propri\u00e9t\u00e9 en quelques clics. Les principaux avantages sont les suivants:<\/div><\/header><div class=\"bt_bb_separator bt_bb_border_style_none bt_bb_bottom_spacing_small\" data-bt-override-class=\"null\"><\/div><\/div><\/div><\/div><\/div><div class=\"bt_bb_row_wrapper\"><div  class=\"bt_bb_row bt_bb_column_gap_extra_small\"  data-bt-override-class=\"{}\"><div  class=\"bt_bb_column col-md-6 col-sm-12 bt_bb_align_left bt_bb_vertical_align_top bt_bb_animation_fade_in animate bt_bb_padding_normal bt_bb_mobile_align_to_left_edge bt_bb_animation_fade_in animate\"  data-width=\"6\"><div class=\"bt_bb_column_content\"><div class=\"bt_bb_separator bt_bb_border_style_none bt_bb_bottom_spacing_small\" data-bt-override-class=\"null\"><\/div><div class=\"bt_bb_image bt_bb_shape_square bt_bb_target_self bt_bb_align_inherit bt_bb_hover_style_simple bt_bb_content_display_always bt_bb_content_align_middle\" data-bt-override-class=\"{}\"><span><img width=\"800\" height=\"550\" src=\"https:\/\/www.accessecure.ca\/wp-content\/uploads\/2020\/02\/access-card-kp1-web-1.jpg\" class=\"attachment-full size-full\" alt=\"Access C\" data-full_image_src=\"https:\/\/www.accessecure.ca\/wp-content\/uploads\/2020\/02\/access-card-kp1-web-1.jpg\" title=\"access-card-kp1-web\" srcset=\"https:\/\/www.accessecure.ca\/wp-content\/uploads\/2020\/02\/access-card-kp1-web-1.jpg 800w, https:\/\/www.accessecure.ca\/wp-content\/uploads\/2020\/02\/access-card-kp1-web-1-640x440.jpg 640w, https:\/\/www.accessecure.ca\/wp-content\/uploads\/2020\/02\/access-card-kp1-web-1-768x528.jpg 768w, https:\/\/www.accessecure.ca\/wp-content\/uploads\/2020\/02\/access-card-kp1-web-1-320x220.jpg 320w\" sizes=\"(max-width: 800px) 100vw, 800px\" \/><\/span><\/div><div class=\"bt_bb_separator bt_bb_border_style_none bt_bb_bottom_spacing_normal\" data-bt-override-class=\"null\"><\/div><\/div><\/div><div  class=\"bt_bb_column col-md-6 col-sm-12 bt_bb_align_left bt_bb_vertical_align_top bt_bb_animation_fade_in animate bt_bb_padding_normal bt_bb_animation_fade_in animate\"  data-width=\"6\"><div class=\"bt_bb_column_content\"><div class=\"bt_bb_separator bt_bb_border_style_none bt_bb_bottom_spacing_large bt_bb_hidden_xs bt_bb_hidden_ms bt_bb_hidden_sm\" data-bt-override-class=\"null\"><\/div><div class=\"bt_bb_service bt_bb_color_scheme_3 bt_bb_style_borderless bt_bb_size_large bt_bb_shape_circle bt_bb_align_left\"><span  data-ico-icon7stroke=\"&#xe684;\" class=\"bt_bb_icon_holder\"><\/span><div class=\"bt_bb_service_content\"><div class=\"bt_bb_service_content_title\"><u>Application Web facile \u00e0 utiliser et tr\u00e8s intuitive <\/u><\/div><div class=\"bt_bb_service_content_text\"><\/div><\/div><\/div><div class=\"bt_bb_service bt_bb_color_scheme_3 bt_bb_style_borderless bt_bb_size_large bt_bb_shape_circle bt_bb_align_left\"><span  data-ico-icon7stroke=\"&#xe684;\" class=\"bt_bb_icon_holder\"><\/span><div class=\"bt_bb_service_content\"><div class=\"bt_bb_service_content_title\"><u>Architecture plug-and-play hautement \u00e9volutive<\/u><\/div><div class=\"bt_bb_service_content_text\"><\/div><\/div><\/div><div class=\"bt_bb_service bt_bb_color_scheme_3 bt_bb_style_borderless bt_bb_size_large bt_bb_shape_circle bt_bb_align_left\"><span  data-ico-icon7stroke=\"&#xe684;\" class=\"bt_bb_icon_holder\"><\/span><div class=\"bt_bb_service_content\"><div class=\"bt_bb_service_content_title\"><u>Aucune formation ou certification d'op\u00e9rateur requise <\/u><\/div><div class=\"bt_bb_service_content_text\"><\/div><\/div><\/div><div class=\"bt_bb_service bt_bb_color_scheme_3 bt_bb_style_borderless bt_bb_size_large bt_bb_shape_circle bt_bb_align_left\"><span  data-ico-icon7stroke=\"&#xe684;\" class=\"bt_bb_icon_holder\"><\/span><div class=\"bt_bb_service_content\"><div class=\"bt_bb_service_content_title\"><u>Acc\u00e8s mobile \u00e0 distance<\/u><\/div><div class=\"bt_bb_service_content_text\"><\/div><\/div><\/div><\/div><\/div><\/div><\/div><\/div><\/div><\/div><\/section><section id=\"bt_bb_section69fa07bbea481\"  class=\"bt_bb_section bt_bb_bottom_spacing_medium bt_bb_layout_boxed_1200 bt_bb_vertical_align_top bt_bb_hidden_xs bt_bb_hidden_ms bt_bb_hidden_sm\" style=\"background-position:top;background-size:contain;\"><div class=\"bt_bb_port\"><div class=\"bt_bb_cell\"><div class=\"bt_bb_cell_inner\"><div class=\"bt_bb_row_wrapper\"><div  class=\"bt_bb_row\"  data-bt-override-class=\"{}\"><div  class=\"bt_bb_column col-md-12 col-ms-12 bt_bb_align_left bt_bb_vertical_align_top bt_bb_animation_fade_in move_up animate bt_bb_padding_normal bt_bb_animation_fade_in bt_bb_animation_move_up animate\"  data-width=\"12\"><div class=\"bt_bb_column_content\"><div class=\"bt_bb_separator bt_bb_border_style_none bt_bb_bottom_spacing_normal\" data-bt-override-class=\"null\"><\/div><header class=\"bt_bb_headline bt_bb_font_weight_light bt_bb_dash_top bt_bb_size_large bt_bb_align_inherit\" data-bt-override-class=\"{}\"><h2 style=\"font-size:2.5rem\" class=\"bt_bb_headline_tag\"><span class=\"bt_bb_headline_content\"><span><b>Adapt\u00e9 \u00e0 vos exigences de s\u00e9curit\u00e9<\/b><br \/>\r\n<\/span><\/span><\/h2><\/header><\/div><\/div><\/div><\/div><div class=\"bt_bb_row_wrapper\"><div  class=\"bt_bb_row bt_bb_column_gap_extra_small\"  data-bt-override-class=\"{}\"><div  class=\"bt_bb_column col-md-6 col-sm-12 bt_bb_align_left bt_bb_vertical_align_top bt_bb_animation_fade_in animate bt_bb_padding_normal bt_bb_animation_fade_in animate\"  data-width=\"6\"><div class=\"bt_bb_column_content\"><header class=\"bt_bb_headline bt_bb_font_weight_light bt_bb_dash_top bt_bb_subheadline bt_bb_size_large bt_bb_align_inherit\" data-bt-override-class=\"{}\"><div class=\"bt_bb_headline_subheadline\">Whether you need to protect a large multi-site installation or a small office with a few doors, Entrapass has the flexibility to adapt to your environment. Secure your promises with our selection of:<\/div><\/header><div class=\"bt_bb_separator bt_bb_border_style_none bt_bb_bottom_spacing_normal\" data-bt-override-class=\"null\"><\/div><div class=\"bt_bb_service bt_bb_color_scheme_3 bt_bb_style_borderless bt_bb_size_large bt_bb_shape_circle bt_bb_align_left\"><span  data-ico-icon7stroke=\"&#xe684;\" class=\"bt_bb_icon_holder\"><\/span><div class=\"bt_bb_service_content\"><div class=\"bt_bb_service_content_title\"><u>Claviers <\/u><\/div><div class=\"bt_bb_service_content_text\"><\/div><\/div><\/div><div class=\"bt_bb_raw_content\"><br><\/div><div class=\"bt_bb_service bt_bb_color_scheme_3 bt_bb_style_borderless bt_bb_size_large bt_bb_shape_circle bt_bb_align_left\"><span  data-ico-icon7stroke=\"&#xe684;\" class=\"bt_bb_icon_holder\"><\/span><div class=\"bt_bb_service_content\"><div class=\"bt_bb_service_content_title\"><u>Lecteurs de cartes<\/u><\/div><div class=\"bt_bb_service_content_text\"><\/div><\/div><\/div><div class=\"bt_bb_raw_content\"><br><\/div><div class=\"bt_bb_service bt_bb_color_scheme_3 bt_bb_style_borderless bt_bb_size_large bt_bb_shape_circle bt_bb_align_left\"><span  data-ico-icon7stroke=\"&#xe684;\" class=\"bt_bb_icon_holder\"><\/span><div class=\"bt_bb_service_content\"><div class=\"bt_bb_service_content_title\"><u> Lecteurs biom\u00e9triques<\/u><\/div><div class=\"bt_bb_service_content_text\"><\/div><\/div><\/div><\/div><\/div><div  class=\"bt_bb_column col-md-6 col-sm-12 bt_bb_align_left bt_bb_vertical_align_top bt_bb_animation_fade_in animate bt_bb_padding_normal bt_bb_mobile_align_to_left_edge bt_bb_animation_fade_in animate\"  data-width=\"6\"><div class=\"bt_bb_column_content\"><div class=\"bt_bb_separator bt_bb_border_style_none bt_bb_bottom_spacing_small\" data-bt-override-class=\"null\"><\/div><div class=\"bt_bb_image bt_bb_shape_square bt_bb_target_self bt_bb_align_inherit bt_bb_hover_style_simple bt_bb_content_display_always bt_bb_content_align_middle\" data-bt-override-class=\"{}\"><span><img width=\"800\" height=\"550\" src=\"https:\/\/www.accessecure.ca\/wp-content\/uploads\/2020\/02\/access-card-kp2-web-2.jpg\" class=\"attachment-full size-full\" alt=\"Protect a large multi-site installation or a small office with keypads, card &amp; biometric readers\" data-full_image_src=\"https:\/\/www.accessecure.ca\/wp-content\/uploads\/2020\/02\/access-card-kp2-web-2.jpg\" title=\"access-card-kp2-web\" srcset=\"https:\/\/www.accessecure.ca\/wp-content\/uploads\/2020\/02\/access-card-kp2-web-2.jpg 800w, https:\/\/www.accessecure.ca\/wp-content\/uploads\/2020\/02\/access-card-kp2-web-2-640x440.jpg 640w, https:\/\/www.accessecure.ca\/wp-content\/uploads\/2020\/02\/access-card-kp2-web-2-768x528.jpg 768w, https:\/\/www.accessecure.ca\/wp-content\/uploads\/2020\/02\/access-card-kp2-web-2-320x220.jpg 320w\" sizes=\"(max-width: 800px) 100vw, 800px\" \/><\/span><\/div><div class=\"bt_bb_separator bt_bb_border_style_none bt_bb_bottom_spacing_normal\" data-bt-override-class=\"null\"><\/div><\/div><\/div><\/div><\/div><\/div><\/div><\/div><\/section><section id=\"bt_bb_section69fa07bbeacce\"  class=\"bt_bb_section bt_bb_bottom_spacing_medium bt_bb_layout_boxed_1200 bt_bb_vertical_align_top bt_bb_hidden_md bt_bb_hidden_lg\" style=\"background-position:top;background-size:contain;\"><div class=\"bt_bb_port\"><div class=\"bt_bb_cell\"><div class=\"bt_bb_cell_inner\"><div class=\"bt_bb_row_wrapper\"><div  class=\"bt_bb_row\"  data-bt-override-class=\"{}\"><div  class=\"bt_bb_column col-md-12 col-ms-12 bt_bb_align_left bt_bb_vertical_align_top bt_bb_animation_fade_in move_up animate bt_bb_padding_normal bt_bb_animation_fade_in bt_bb_animation_move_up animate\"  data-width=\"12\"><div class=\"bt_bb_column_content\"><div class=\"bt_bb_separator bt_bb_border_style_none bt_bb_bottom_spacing_normal\" data-bt-override-class=\"null\"><\/div><header class=\"bt_bb_headline bt_bb_font_weight_light bt_bb_dash_top bt_bb_subheadline bt_bb_size_large bt_bb_align_inherit\" data-bt-override-class=\"{}\"><h2 style=\"font-size:2.5rem\" class=\"bt_bb_headline_tag\"><span class=\"bt_bb_headline_content\"><span><b>Adapt\u00e9 \u00e0 vos exigences de s\u00e9curit\u00e9<\/b><br \/>\r\n<\/span><\/span><\/h2><div class=\"bt_bb_headline_subheadline\">Que vous ayez besoin de prot\u00e9ger une grande installation multi-sites ou un petit bureau avec quelques portes, notre solution a la flexibilit\u00e9 de s'adapter \u00e0 votre environnement. S\u00e9curisez vos promesses avec notre s\u00e9lection de:<\/div><\/header><\/div><\/div><\/div><\/div><div class=\"bt_bb_row_wrapper\"><div  class=\"bt_bb_row bt_bb_column_gap_extra_small\"  data-bt-override-class=\"{}\"><div  class=\"bt_bb_column col-md-6 col-sm-12 bt_bb_align_left bt_bb_vertical_align_top bt_bb_animation_fade_in animate bt_bb_padding_normal bt_bb_mobile_align_to_left_edge bt_bb_animation_fade_in animate\"  data-width=\"6\"><div class=\"bt_bb_column_content\"><div class=\"bt_bb_separator bt_bb_border_style_none bt_bb_bottom_spacing_medium\" data-bt-override-class=\"null\"><\/div><div class=\"bt_bb_image bt_bb_shape_square bt_bb_target_self bt_bb_align_inherit bt_bb_hover_style_simple bt_bb_content_display_always bt_bb_content_align_middle\" data-bt-override-class=\"{}\"><span><img width=\"800\" height=\"550\" src=\"https:\/\/www.accessecure.ca\/wp-content\/uploads\/2020\/02\/access-card-kp2-web-2.jpg\" class=\"attachment-full size-full\" alt=\"Protect a large multi-site installation or a small office with keypads, card &amp; biometric readers\" data-full_image_src=\"https:\/\/www.accessecure.ca\/wp-content\/uploads\/2020\/02\/access-card-kp2-web-2.jpg\" title=\"access-card-kp2-web\" srcset=\"https:\/\/www.accessecure.ca\/wp-content\/uploads\/2020\/02\/access-card-kp2-web-2.jpg 800w, https:\/\/www.accessecure.ca\/wp-content\/uploads\/2020\/02\/access-card-kp2-web-2-640x440.jpg 640w, https:\/\/www.accessecure.ca\/wp-content\/uploads\/2020\/02\/access-card-kp2-web-2-768x528.jpg 768w, https:\/\/www.accessecure.ca\/wp-content\/uploads\/2020\/02\/access-card-kp2-web-2-320x220.jpg 320w\" sizes=\"(max-width: 800px) 100vw, 800px\" \/><\/span><\/div><div class=\"bt_bb_separator bt_bb_border_style_none bt_bb_bottom_spacing_normal\" data-bt-override-class=\"null\"><\/div><\/div><\/div><div  class=\"bt_bb_column col-md-6 col-sm-12 bt_bb_align_left bt_bb_vertical_align_top bt_bb_animation_fade_in animate bt_bb_padding_normal bt_bb_animation_fade_in animate\"  data-width=\"6\"><div class=\"bt_bb_column_content\"><div class=\"bt_bb_service bt_bb_color_scheme_3 bt_bb_style_borderless bt_bb_size_large bt_bb_shape_circle bt_bb_align_left\"><span  data-ico-icon7stroke=\"&#xe684;\" class=\"bt_bb_icon_holder\"><\/span><div class=\"bt_bb_service_content\"><div class=\"bt_bb_service_content_title\"><u>Claviers <\/u><\/div><div class=\"bt_bb_service_content_text\"><\/div><\/div><\/div><div class=\"bt_bb_raw_content\"><br><\/div><div class=\"bt_bb_service bt_bb_color_scheme_3 bt_bb_style_borderless bt_bb_size_large bt_bb_shape_circle bt_bb_align_left\"><span  data-ico-icon7stroke=\"&#xe684;\" class=\"bt_bb_icon_holder\"><\/span><div class=\"bt_bb_service_content\"><div class=\"bt_bb_service_content_title\"><u>Lecteurs de cartes<\/u><\/div><div class=\"bt_bb_service_content_text\"><\/div><\/div><\/div><div class=\"bt_bb_raw_content\"><br><\/div><div class=\"bt_bb_service bt_bb_color_scheme_3 bt_bb_style_borderless bt_bb_size_large bt_bb_shape_circle bt_bb_align_left\"><span  data-ico-icon7stroke=\"&#xe684;\" class=\"bt_bb_icon_holder\"><\/span><div class=\"bt_bb_service_content\"><div class=\"bt_bb_service_content_title\"><u> Lecteurs biom\u00e9triques<\/u><\/div><div class=\"bt_bb_service_content_text\"><\/div><\/div><\/div><\/div><\/div><\/div><\/div><\/div><\/div><\/div><\/section><section id=\"bt_bb_section69fa07bbeb27e\"  class=\"bt_bb_section bt_bb_bottom_spacing_medium bt_bb_layout_boxed_1200 bt_bb_vertical_align_top\" style=\"background-position:top;background-size:contain;\"><div class=\"bt_bb_port\"><div class=\"bt_bb_cell\"><div class=\"bt_bb_cell_inner\"><div class=\"bt_bb_row_wrapper\"><div  class=\"bt_bb_row\"  data-bt-override-class=\"{}\"><div  class=\"bt_bb_column col-md-12 col-ms-12 bt_bb_align_left bt_bb_vertical_align_top bt_bb_animation_fade_in move_up animate bt_bb_padding_normal bt_bb_animation_fade_in bt_bb_animation_move_up animate\"  data-width=\"12\"><div class=\"bt_bb_column_content\"><div class=\"bt_bb_separator bt_bb_border_style_none bt_bb_bottom_spacing_normal\" data-bt-override-class=\"null\"><\/div><header class=\"bt_bb_headline bt_bb_font_weight_light bt_bb_dash_top bt_bb_subheadline bt_bb_size_large bt_bb_align_inherit\" data-bt-override-class=\"{}\"><h2 style=\"font-size:2.5rem\" class=\"bt_bb_headline_tag\"><span class=\"bt_bb_headline_content\"><span><b>Des informations sur la s\u00e9curit\u00e9 avec des rapports significatifs<\/b><br \/>\r\n<\/span><\/span><\/h2><div class=\"bt_bb_headline_subheadline\">Que vous ayez besoin d'un rapport quotidien sur les \u00e9v\u00e9nements ou que vous effectuiez une enqu\u00eate approfondie, Entrapass comprend une fonctionnalit\u00e9 de rapport dynamique qui permet aux op\u00e9rateurs de g\u00e9n\u00e9rer rapidement l'activit\u00e9 des titulaires de carte, l'activit\u00e9 des portes et les rapports de configuration, ainsi que des rapports personnalis\u00e9s avec des filtres d\u00e9taill\u00e9s.<\/div><\/header><div class=\"bt_bb_separator bt_bb_border_style_none bt_bb_bottom_spacing_medium\" data-bt-override-class=\"null\"><\/div><div class=\"bt_bb_image bt_bb_shape_square bt_bb_target_self bt_bb_align_inherit bt_bb_hover_style_simple bt_bb_content_display_always bt_bb_content_align_middle\" data-bt-override-class=\"{}\"><span><img width=\"800\" height=\"550\" src=\"https:\/\/www.accessecure.ca\/wp-content\/uploads\/2020\/02\/access-card-reporting-web.jpg\" class=\"attachment-full size-full\" alt=\"Entrapass includes a dynamic reporting\" data-full_image_src=\"https:\/\/www.accessecure.ca\/wp-content\/uploads\/2020\/02\/access-card-reporting-web.jpg\" title=\"access-card-reporting-web\" srcset=\"https:\/\/www.accessecure.ca\/wp-content\/uploads\/2020\/02\/access-card-reporting-web.jpg 800w, https:\/\/www.accessecure.ca\/wp-content\/uploads\/2020\/02\/access-card-reporting-web-640x440.jpg 640w, https:\/\/www.accessecure.ca\/wp-content\/uploads\/2020\/02\/access-card-reporting-web-768x528.jpg 768w, https:\/\/www.accessecure.ca\/wp-content\/uploads\/2020\/02\/access-card-reporting-web-320x220.jpg 320w\" sizes=\"(max-width: 800px) 100vw, 800px\" \/><\/span><\/div><\/div><\/div><\/div><\/div><\/div><\/div><\/div><\/section>","protected":false},"excerpt":{"rendered":"","protected":false},"author":1,"featured_media":0,"parent":0,"menu_order":0,"comment_status":"closed","ping_status":"closed","template":"","meta":{"_seopress_robots_primary_cat":""},"_links":{"self":[{"href":"https:\/\/www.accessecure.ca\/fr\/wp-json\/wp\/v2\/pages\/4139"}],"collection":[{"href":"https:\/\/www.accessecure.ca\/fr\/wp-json\/wp\/v2\/pages"}],"about":[{"href":"https:\/\/www.accessecure.ca\/fr\/wp-json\/wp\/v2\/types\/page"}],"author":[{"embeddable":true,"href":"https:\/\/www.accessecure.ca\/fr\/wp-json\/wp\/v2\/users\/1"}],"replies":[{"embeddable":true,"href":"https:\/\/www.accessecure.ca\/fr\/wp-json\/wp\/v2\/comments?post=4139"}],"version-history":[{"count":0,"href":"https:\/\/www.accessecure.ca\/fr\/wp-json\/wp\/v2\/pages\/4139\/revisions"}],"wp:attachment":[{"href":"https:\/\/www.accessecure.ca\/fr\/wp-json\/wp\/v2\/media?parent=4139"}],"curies":[{"name":"wp","href":"https:\/\/api.w.org\/{rel}","templated":true}]}}