{"id":4672,"date":"2020-05-06T17:37:21","date_gmt":"2020-05-06T17:37:21","guid":{"rendered":"https:\/\/www.accessecure.ca\/camera-thermique\/"},"modified":"2022-11-16T13:25:27","modified_gmt":"2022-11-16T13:25:27","slug":"camera-thermique","status":"publish","type":"page","link":"https:\/\/www.accessecure.ca\/fr\/camera-thermique\/","title":{"rendered":"CAM\u00c9RAS THERMIQUES"},"content":{"rendered":"<section id=\"bt_bb_section69f771c849b50\"  class=\"bt_bb_section bt_bb_color_scheme_1 bt_bb_layout_wide bt_bb_vertical_align_top\" style=\"background: transparent;\"><div class=\"bt_bb_port\"><div class=\"bt_bb_cell\"><div class=\"bt_bb_cell_inner\"><div class=\"bt_bb_row_wrapper\"><div  class=\"bt_bb_row\"  data-bt-override-class=\"{}\"><div  class=\"bt_bb_column col-md-12 col-ms-12 bt_bb_align_left bt_bb_vertical_align_top bt_bb_padding_normal\"  data-width=\"12\"><div class=\"bt_bb_column_content\"><div class=\"bt_bb_content_slider bt_bb_gap_no_gap bt_bb_arrows_size_no_arrows bt_bb_show_dots_right bt_bb_dots_style_accent_dot bt_bb_height_half_screen bt_bb_animation_fade bt_bb_hidden_xs bt_bb_hidden_ms bt_bb_hidden_sm bt_bb_animation_fade animate\"><div class=\"slick-slider fade\"  data-slick='{ \"lazyLoad\": \"progressive\", \"cssEase\": \"ease-out\", \"speed\": \"600\", \"fade\": true, \"prevArrow\": \"\", \"nextArrow\": \"\", \"adaptiveHeight\": true, \"dots\": true,\"autoplay\": true, \"autoplaySpeed\": 8000,\"pauseOnHover\": false}' ><div class=\"bt_bb_content_slider_item\" style=\";background-image:url(https:\/\/www.accessecure.ca\/wp-content\/uploads\/2020\/05\/thermal-camera.jpg);\"><div class=\"bt_bb_content_slider_item_content content\"><div class=\"bt_bb_row_wrapper\"><div  class=\"bt_bb_row_inner\"  data-bt-override-class=\"{}\"><div  class=\"bt_bb_column_inner col-md-6 col-sm-12 bt_bb_align_left bt_bb_vertical_align_top bt_bb_animation_fade_in move_up animate bt_bb_padding_normal bt_bb_animation_fade_in bt_bb_animation_move_up animate\"  data-width=\"6\"><div class=\"bt_bb_column_inner_content\"><div class=\"bt_bb_separator bt_bb_border_style_none bt_bb_top_spacing_medium bt_bb_bottom_spacing_medium\" data-bt-override-class=\"null\"><\/div><header class=\"bt_bb_headline bt_bb_color_scheme_2 bt_bb_dash_top bt_bb_superheadline bt_bb_superheadline_outside bt_bb_subheadline bt_bb_size_large bt_bb_align_inherit\" style=\"; --primary-color:#191919; --secondary-color:#ffffff;\" data-bt-override-class=\"{}\"><div class=\"bt_bb_headline_superheadline_outside\"><span class=\"bt_bb_headline_superheadline\">TECHNOLOGIE DAHUA<\/span><\/div><h1 class=\"bt_bb_headline_tag\"><span class=\"bt_bb_headline_content\"><span><u>Cam\u00e9ras<\/u> <b>Thermiques<\/b><br \/>\r\n<\/span><\/span><\/h1><div class=\"bt_bb_headline_subheadline\">Solution de surveillance de la temp\u00e9rature thermique sans contact personnel<\/div><\/header><div class=\"bt_bb_separator bt_bb_border_style_none bt_bb_top_spacing_extra_small bt_bb_bottom_spacing_small\" data-bt-override-class=\"null\"><\/div><div class=\"bt_bb_separator bt_bb_border_style_none bt_bb_bottom_spacing_medium\" data-bt-override-class=\"null\"><\/div><div class=\"bt_bb_separator bt_bb_border_style_none bt_bb_bottom_spacing_small\" data-bt-override-class=\"null\"><\/div><div class=\"bt_bb_separator bt_bb_border_style_none bt_bb_bottom_spacing_large\" data-bt-override-class=\"null\"><\/div><\/div><\/div><div  class=\"bt_bb_column_inner col-md-6 col-sm-12 bt_bb_align_left bt_bb_vertical_align_top\"  data-width=\"6\"><div class=\"bt_bb_column_inner_content\"><\/div><\/div><\/div><\/div><\/div><\/div><\/div><\/div><div class=\"bt_bb_content_slider bt_bb_gap_no_gap bt_bb_arrows_size_no_arrows bt_bb_show_dots_hide bt_bb_dots_style_accent_dot bt_bb_height_full_screen bt_bb_animation_fade bt_bb_hidden_md bt_bb_hidden_lg bt_bb_animation_fade animate\"><div class=\"slick-slider fade\"  data-slick='{ \"lazyLoad\": \"progressive\", \"cssEase\": \"ease-out\", \"speed\": \"600\", \"fade\": true, \"prevArrow\": \"\", \"nextArrow\": \"\", \"adaptiveHeight\": true,\"autoplay\": true, \"autoplaySpeed\": 8000,\"pauseOnHover\": false}' ><div class=\"bt_bb_content_slider_item\" style=\";background-image:url(https:\/\/www.accessecure.ca\/wp-content\/uploads\/2020\/05\/Slider-thermal-sm.jpg);\"><div class=\"bt_bb_content_slider_item_content content\"><div class=\"bt_bb_row_wrapper\"><div  class=\"bt_bb_row_inner\"  data-bt-override-class=\"{}\"><div  class=\"bt_bb_column_inner col-md-12 col-ms-12 bt_bb_align_center bt_bb_vertical_align_bottom bt_bb_animation_fade_in move_up animate bt_bb_padding_normal bt_bb_animation_fade_in bt_bb_animation_move_up animate\"  data-width=\"12\"><div class=\"bt_bb_column_inner_content\"><div class=\"bt_bb_separator bt_bb_border_style_none bt_bb_top_spacing_extra_large\" data-bt-override-class=\"null\"><\/div><div class=\"bt_bb_separator bt_bb_border_style_none bt_bb_top_spacing_large\" data-bt-override-class=\"null\"><\/div><header class=\"bt_bb_headline bt_bb_color_scheme_1 bt_bb_dash_none bt_bb_size_normal bt_bb_align_inherit\" style=\"; --primary-color:#ffffff; --secondary-color:#191919;;color:#ffffff;border-color:#ffffff;\" data-bt-override-class=\"{}\"><h1 class=\"bt_bb_headline_tag\"><span class=\"bt_bb_headline_content\"><span>Cam\u00e9ras Thermiques<\/span><\/span><\/h1><\/header><div class=\"bt_bb_separator bt_bb_border_style_none bt_bb_top_spacing_medium\" data-bt-override-class=\"null\"><\/div><div class=\"bt_bb_button bt_bb_icon_position_left bt_bb_color_scheme_6 bt_bb_style_filled bt_bb_size_normal bt_bb_width_inline bt_bb_shape_inherit bt_bb_align_inherit bt_bb_hidden_xs bt_bb_hidden_ms bt_bb_hidden_sm bt_bb_hidden_md bt_bb_hidden_lg\"><a href=\"#\" target=\"_self\" class=\"bt_bb_link\" title=\"More information\"><span class=\"bt_bb_button_text\">More information<\/span><\/a><\/div><div class=\"bt_bb_separator bt_bb_border_style_none bt_bb_top_spacing_small\" data-bt-override-class=\"null\"><\/div><div class=\"bt_bb_separator bt_bb_border_style_none bt_bb_top_spacing_medium\" data-bt-override-class=\"null\"><\/div><\/div><\/div><\/div><\/div><\/div><\/div><\/div><\/div><\/div><\/div><\/div><\/div><\/div><\/div><\/div><\/section><section id=\"bt_bb_section69f771c84ac24\"  data-background_image_src=\"'https:\/\/www.accessecure.ca\/wp-content\/uploads\/2019\/04\/bgn-industries.png'\" class=\"bt_bb_section bt_bb_bottom_spacing_medium bt_bb_layout_boxed_1200 bt_bb_vertical_align_top btLazyLoadBackground bt_bb_background_image\" style=\"background-image:url(&#039;https:\/\/www.accessecure.ca\/wp-content\/plugins\/bold-page-builder\/img\/blank.gif&#039;);background-position:top;background-size:contain;\"><div class=\"bt_bb_port\"><div class=\"bt_bb_cell\"><div class=\"bt_bb_cell_inner\"><div class=\"bt_bb_row_wrapper\"><div  class=\"bt_bb_row\"  data-bt-override-class=\"{}\"><div  class=\"bt_bb_column col-md-12 col-ms-12 bt_bb_align_left bt_bb_vertical_align_top bt_bb_animation_fade_in move_up animate bt_bb_padding_normal bt_bb_animation_fade_in bt_bb_animation_move_up animate\"  data-width=\"12\"><div class=\"bt_bb_column_content\"><div class=\"bt_bb_separator bt_bb_border_style_none bt_bb_top_spacing_medium bt_bb_bottom_spacing_normal\" data-bt-override-class=\"null\"><\/div><header class=\"bt_bb_headline bt_bb_font_weight_light bt_bb_dash_top bt_bb_subheadline bt_bb_size_large bt_bb_align_inherit\" data-bt-override-class=\"{}\"><h2 style=\"font-size:2.5rem\" class=\"bt_bb_headline_tag\"><span class=\"bt_bb_headline_content\"><span><b>Solutions de surveillance de la temp\u00e9rature thermique \u00e0 Montr\u00e9al et Laval<\/b><br \/>\r\n<\/span><\/span><\/h2><div class=\"bt_bb_headline_subheadline\">La solution de surveillance de la temp\u00e9rature thermique de Dahua Technology est capable d'identifier les personnes ayant une temp\u00e9rature \u00e9lev\u00e9e. Gr\u00e2ce \u00e0 un algorithme d'IA int\u00e9gr\u00e9, elle peut surveiller plusieurs personnes \u00e0 une distance de 2,5 m\u00e8tres et sur une largeur de 2,5 m\u00e8tres, ce qui permet une \u00e9valuation rapide sans contact personnel. C'est la solution id\u00e9ale en cette p\u00e9riode de pand\u00e9mie, face \u00e0 des virus tels que COVID-19.<\/div><\/header><div class=\"bt_bb_separator bt_bb_border_style_none bt_bb_top_spacing_normal bt_bb_bottom_spacing_normal\" data-bt-override-class=\"null\"><\/div><div class=\"bt_bb_image bt_bb_shape_square bt_bb_target_self bt_bb_align_inherit bt_bb_hover_style_simple bt_bb_content_display_always bt_bb_content_align_middle\" data-bt-override-class=\"{}\"><span><img width=\"980\" height=\"550\" src=\"https:\/\/www.accessecure.ca\/wp-content\/uploads\/2020\/05\/thermal-camera-schema-fr.jpg\" class=\"attachment-full size-full\" alt=\"https:\/\/www.accessecure.ca\/wp-content\/uploads\/2020\/05\/thermal-camera-schema-fr.jpg\" data-full_image_src=\"https:\/\/www.accessecure.ca\/wp-content\/uploads\/2020\/05\/thermal-camera-schema-fr.jpg\" title=\"thermal-camera-schema-fr\" srcset=\"https:\/\/www.accessecure.ca\/wp-content\/uploads\/2020\/05\/thermal-camera-schema-fr.jpg 980w, https:\/\/www.accessecure.ca\/wp-content\/uploads\/2020\/05\/thermal-camera-schema-fr-640x359.jpg 640w, https:\/\/www.accessecure.ca\/wp-content\/uploads\/2020\/05\/thermal-camera-schema-fr-768x431.jpg 768w, https:\/\/www.accessecure.ca\/wp-content\/uploads\/2020\/05\/thermal-camera-schema-fr-320x180.jpg 320w\" sizes=\"(max-width: 980px) 100vw, 980px\" \/><\/span><\/div><div class=\"bt_bb_separator bt_bb_border_style_none bt_bb_top_spacing_normal bt_bb_bottom_spacing_normal\" data-bt-override-class=\"null\"><\/div><header class=\"bt_bb_headline bt_bb_font_weight_light bt_bb_dash_top bt_bb_subheadline bt_bb_size_large bt_bb_align_inherit\" data-bt-override-class=\"{}\"><h2 style=\"font-size:2.5rem\" class=\"bt_bb_headline_tag\"><span class=\"bt_bb_headline_content\"><span><b>Surveillance pr\u00e9cise<\/b><br \/>\r\n<\/span><\/span><\/h2><div class=\"bt_bb_headline_subheadline\">Surveille la temp\u00e9rature m\u00eame lorsque les gens utilisent des accessoires faciaux et des couvre-chefs. La cam\u00e9ra rejette les faux positifs comme les boissons chaudes.<\/div><\/header><div class=\"bt_bb_separator bt_bb_border_style_none bt_bb_top_spacing_normal bt_bb_bottom_spacing_normal\" data-bt-override-class=\"null\"><\/div><div class=\"bt_bb_image bt_bb_shape_square bt_bb_target_self bt_bb_align_inherit bt_bb_hover_style_simple bt_bb_content_display_always bt_bb_content_align_middle\" data-bt-override-class=\"{}\"><span><img width=\"1180\" height=\"240\" src=\"https:\/\/www.accessecure.ca\/wp-content\/uploads\/2020\/05\/thermal-camera-features-fr.jpg\" class=\"attachment-full size-full\" alt=\"https:\/\/www.accessecure.ca\/wp-content\/uploads\/2020\/05\/thermal-camera-features-fr.jpg\" data-full_image_src=\"https:\/\/www.accessecure.ca\/wp-content\/uploads\/2020\/05\/thermal-camera-features-fr.jpg\" title=\"thermal-camera-features-fr\" srcset=\"https:\/\/www.accessecure.ca\/wp-content\/uploads\/2020\/05\/thermal-camera-features-fr.jpg 1180w, https:\/\/www.accessecure.ca\/wp-content\/uploads\/2020\/05\/thermal-camera-features-fr-640x130.jpg 640w, https:\/\/www.accessecure.ca\/wp-content\/uploads\/2020\/05\/thermal-camera-features-fr-768x156.jpg 768w, https:\/\/www.accessecure.ca\/wp-content\/uploads\/2020\/05\/thermal-camera-features-fr-320x65.jpg 320w\" sizes=\"(max-width: 1180px) 100vw, 1180px\" \/><\/span><\/div><\/div><\/div><\/div><\/div><\/div><\/div><\/div><\/section><section id=\"bt_bb_section69f771c84b4bf\"  class=\"bt_bb_section bt_bb_bottom_spacing_medium bt_bb_layout_boxed_1200 bt_bb_vertical_align_top\" style=\"background-position:top;background-size:contain;\"><div class=\"bt_bb_port\"><div class=\"bt_bb_cell\"><div class=\"bt_bb_cell_inner\"><div class=\"bt_bb_row_wrapper\"><div  class=\"bt_bb_row\"  data-bt-override-class=\"{}\"><div  class=\"bt_bb_column col-md-12 col-ms-12 bt_bb_align_left bt_bb_vertical_align_top bt_bb_animation_fade_in move_up animate bt_bb_padding_normal bt_bb_animation_fade_in bt_bb_animation_move_up animate\"  data-width=\"12\"><div class=\"bt_bb_column_content\"><div class=\"bt_bb_separator bt_bb_border_style_none bt_bb_bottom_spacing_normal\" data-bt-override-class=\"null\"><\/div><header class=\"bt_bb_headline bt_bb_font_weight_light bt_bb_dash_top bt_bb_subheadline bt_bb_size_large bt_bb_align_inherit\" data-bt-override-class=\"{}\"><h2 style=\"font-size:2.5rem\" class=\"bt_bb_headline_tag\"><span class=\"bt_bb_headline_content\"><span><b>Caract\u00e9ristiques de la solution<\/b><br \/>\r\n<\/span><\/span><\/h2><div class=\"bt_bb_headline_subheadline\">Nos solutions int\u00e9gr\u00e9es vous aideront \u00e0 g\u00e9rer le flux de personnes dans vos locaux et \u00e0 configurer l'acc\u00e8s aux diff\u00e9rentes zones de votre propri\u00e9t\u00e9 en quelques clics. Les principaux avantages sont les suivants:<br \/>\r\n<br \/>\r\n<\/div><\/header><div class=\"bt_bb_separator bt_bb_border_style_none bt_bb_bottom_spacing_small\" data-bt-override-class=\"null\"><\/div><\/div><\/div><\/div><\/div><div class=\"bt_bb_row_wrapper\"><div  class=\"bt_bb_row bt_bb_column_gap_extra_small\"  data-bt-override-class=\"{}\"><div  class=\"bt_bb_column col-md-6 col-sm-12 bt_bb_align_left bt_bb_vertical_align_top bt_bb_animation_fade_in animate bt_bb_padding_normal bt_bb_animation_fade_in animate\"  data-width=\"6\"><div class=\"bt_bb_column_content\"><div class=\"bt_bb_service bt_bb_color_scheme_3 bt_bb_style_borderless bt_bb_size_large bt_bb_shape_circle bt_bb_align_left\"><span  data-ico-icon7stroke=\"&#xe684;\" class=\"bt_bb_icon_holder\"><\/span><div class=\"bt_bb_service_content\"><div class=\"bt_bb_service_content_title\"><u>Surveillance de la temp\u00e9rature s\u00fbre, efficace et pr\u00e9cise<\/u><\/div><div class=\"bt_bb_service_content_text\"><\/div><\/div><\/div><div class=\"bt_bb_service bt_bb_color_scheme_3 bt_bb_style_borderless bt_bb_size_large bt_bb_shape_circle bt_bb_align_left\"><span  data-ico-icon7stroke=\"&#xe684;\" class=\"bt_bb_icon_holder\"><\/span><div class=\"bt_bb_service_content\"><div class=\"bt_bb_service_content_title\"><u>\u00b1 0,3 \u00b0 C (\u00b1 0,54 \u00b0 F) Mesure de temp\u00e9rature<\/u><\/div><div class=\"bt_bb_service_content_text\"><\/div><\/div><\/div><div class=\"bt_bb_service bt_bb_color_scheme_3 bt_bb_style_borderless bt_bb_size_large bt_bb_shape_circle bt_bb_align_left\"><span  data-ico-icon7stroke=\"&#xe684;\" class=\"bt_bb_icon_holder\"><\/span><div class=\"bt_bb_service_content\"><div class=\"bt_bb_service_content_title\"><u>D\u00e9pistage rapide \u00e0 longue distance jusqu'\u00e0 4,50 m (15,0 pi)<\/u><\/div><div class=\"bt_bb_service_content_text\"><\/div><\/div><\/div><div class=\"bt_bb_service bt_bb_color_scheme_3 bt_bb_style_borderless bt_bb_size_large bt_bb_shape_circle bt_bb_align_left\"><span  data-ico-icon7stroke=\"&#xe684;\" class=\"bt_bb_icon_holder\"><\/span><div class=\"bt_bb_service_content\"><div class=\"bt_bb_service_content_title\"><u>Am\u00e9lioration des distances de transmission de puissance et de donn\u00e9es (ePoE)<\/u><\/div><div class=\"bt_bb_service_content_text\"><\/div><\/div><\/div><div class=\"bt_bb_service bt_bb_color_scheme_3 bt_bb_style_borderless bt_bb_size_large bt_bb_shape_circle bt_bb_align_left\"><span  data-ico-icon7stroke=\"&#xe684;\" class=\"bt_bb_icon_holder\"><\/span><div class=\"bt_bb_service_content\"><div class=\"bt_bb_service_content_title\"><u>Alerte visuelle lorsque des r\u00e9sultats anormaux sont d\u00e9tect\u00e9s<\/u><\/div><div class=\"bt_bb_service_content_text\"><\/div><\/div><\/div><div class=\"bt_bb_service bt_bb_color_scheme_3 bt_bb_style_borderless bt_bb_size_large bt_bb_shape_circle bt_bb_align_left\"><span  data-ico-icon7stroke=\"&#xe684;\" class=\"bt_bb_icon_holder\"><\/span><div class=\"bt_bb_service_content\"><div class=\"bt_bb_service_content_title\"><u>D\u00e9pistage rapide sans contact personnel (30 personnes par seconde)<\/u><\/div><div class=\"bt_bb_service_content_text\"><\/div><\/div><\/div><\/div><\/div><div  class=\"bt_bb_column col-md-6 col-sm-12 bt_bb_align_left bt_bb_vertical_align_top bt_bb_animation_fade_in animate bt_bb_padding_normal bt_bb_mobile_align_to_left_edge bt_bb_animation_fade_in animate\"  data-width=\"6\"><div class=\"bt_bb_column_content\"><div class=\"bt_bb_separator bt_bb_border_style_none bt_bb_bottom_spacing_small\" data-bt-override-class=\"null\"><\/div><div class=\"bt_bb_image bt_bb_shape_square bt_bb_target_self bt_bb_align_right bt_bb_hover_style_simple bt_bb_content_display_always bt_bb_content_align_middle\" data-bt-override-class=\"{}\"><span><img width=\"400\" height=\"325\" src=\"https:\/\/www.accessecure.ca\/wp-content\/uploads\/2020\/05\/thermal-camera-icons-fr-1.jpg\" class=\"attachment-full size-full\" alt=\"https:\/\/www.accessecure.ca\/wp-content\/uploads\/2020\/05\/thermal-camera-icons-fr-1.jpg\" data-full_image_src=\"https:\/\/www.accessecure.ca\/wp-content\/uploads\/2020\/05\/thermal-camera-icons-fr-1.jpg\" title=\"thermal-camera-icons-fr\" srcset=\"https:\/\/www.accessecure.ca\/wp-content\/uploads\/2020\/05\/thermal-camera-icons-fr-1.jpg 400w, https:\/\/www.accessecure.ca\/wp-content\/uploads\/2020\/05\/thermal-camera-icons-fr-1-320x260.jpg 320w\" sizes=\"(max-width: 400px) 100vw, 400px\" \/><\/span><\/div><div class=\"bt_bb_separator bt_bb_border_style_none bt_bb_bottom_spacing_normal\" data-bt-override-class=\"null\"><\/div><\/div><\/div><\/div><\/div><\/div><\/div><\/div><\/section><section id=\"bt_bb_section69f771c84bda1\"  class=\"bt_bb_section bt_bb_bottom_spacing_medium bt_bb_layout_boxed_1200 bt_bb_vertical_align_top\" style=\"background-position:top;background-size:contain;\"><div class=\"bt_bb_port\"><div class=\"bt_bb_cell\"><div class=\"bt_bb_cell_inner\"><div class=\"bt_bb_row_wrapper\"><div  class=\"bt_bb_row\"  data-bt-override-class=\"{}\"><div  class=\"bt_bb_column col-md-12 col-ms-12 bt_bb_align_left bt_bb_vertical_align_top bt_bb_animation_fade_in move_up animate bt_bb_padding_normal bt_bb_animation_fade_in bt_bb_animation_move_up animate\"  data-width=\"12\"><div class=\"bt_bb_column_content\"><div class=\"bt_bb_separator bt_bb_border_style_none bt_bb_bottom_spacing_normal\" data-bt-override-class=\"null\"><\/div><header class=\"bt_bb_headline bt_bb_font_weight_light bt_bb_dash_top bt_bb_size_large bt_bb_align_inherit\" data-bt-override-class=\"{}\"><h2 style=\"font-size:2.5rem\" class=\"bt_bb_headline_tag\"><span class=\"bt_bb_headline_content\"><span><b>Utilisation recommand\u00e9e dans <\/b><br \/>\r\n<\/span><\/span><\/h2><\/header><\/div><\/div><\/div><\/div><div class=\"bt_bb_row_wrapper\"><div  class=\"bt_bb_row bt_bb_column_gap_extra_small\"  data-bt-override-class=\"{}\"><div  class=\"bt_bb_column col-md-6 col-sm-12 bt_bb_align_left bt_bb_vertical_align_top bt_bb_animation_fade_in animate bt_bb_padding_normal bt_bb_animation_fade_in animate\"  data-width=\"6\"><div class=\"bt_bb_column_content\"><header class=\"bt_bb_headline bt_bb_font_weight_light bt_bb_dash_top bt_bb_subheadline bt_bb_size_large bt_bb_align_inherit\" data-bt-override-class=\"{}\"><div class=\"bt_bb_headline_subheadline\">Solution de surveillance de la temp\u00e9rature thermique<br \/>\r\nEfficace, visible, en temps r\u00e9el<\/div><\/header><div class=\"bt_bb_separator bt_bb_border_style_none bt_bb_bottom_spacing_normal\" data-bt-override-class=\"null\"><\/div><div class=\"bt_bb_service bt_bb_color_scheme_3 bt_bb_style_borderless bt_bb_size_large bt_bb_shape_circle bt_bb_align_left\"><span  data-ico-icon7stroke=\"&#xe684;\" class=\"bt_bb_icon_holder\"><\/span><div class=\"bt_bb_service_content\"><div class=\"bt_bb_service_content_title\"><u>B\u00e2timents commerciaux <\/u><\/div><div class=\"bt_bb_service_content_text\"><\/div><\/div><\/div><div class=\"bt_bb_raw_content\"><br><\/div><div class=\"bt_bb_service bt_bb_color_scheme_3 bt_bb_style_borderless bt_bb_size_large bt_bb_shape_circle bt_bb_align_left\"><span  data-ico-icon7stroke=\"&#xe684;\" class=\"bt_bb_icon_holder\"><\/span><div class=\"bt_bb_service_content\"><div class=\"bt_bb_service_content_title\"><u>\u00c9tablissements de sant\u00e9<\/u><\/div><div class=\"bt_bb_service_content_text\"><\/div><\/div><\/div><div class=\"bt_bb_raw_content\"><br><\/div><div class=\"bt_bb_service bt_bb_color_scheme_3 bt_bb_style_borderless bt_bb_size_large bt_bb_shape_circle bt_bb_align_left\"><span  data-ico-icon7stroke=\"&#xe684;\" class=\"bt_bb_icon_holder\"><\/span><div class=\"bt_bb_service_content\"><div class=\"bt_bb_service_content_title\"><u>Les a\u00e9roports<\/u><\/div><div class=\"bt_bb_service_content_text\"><\/div><\/div><\/div><div class=\"bt_bb_raw_content\"><br><\/div><div class=\"bt_bb_service bt_bb_color_scheme_3 bt_bb_style_borderless bt_bb_size_large bt_bb_shape_circle bt_bb_align_left\"><span  data-ico-icon7stroke=\"&#xe684;\" class=\"bt_bb_icon_holder\"><\/span><div class=\"bt_bb_service_content\"><div class=\"bt_bb_service_content_title\"><u>Stations de m\u00e9tro<\/u><\/div><div class=\"bt_bb_service_content_text\"><\/div><\/div><\/div><div class=\"bt_bb_raw_content\"><br><\/div><div class=\"bt_bb_service bt_bb_color_scheme_3 bt_bb_style_borderless bt_bb_size_large bt_bb_shape_circle bt_bb_align_left\"><span  data-ico-icon7stroke=\"&#xe684;\" class=\"bt_bb_icon_holder\"><\/span><div class=\"bt_bb_service_content\"><div class=\"bt_bb_service_content_title\"><u>Lieux de rassemblement public<\/u><\/div><div class=\"bt_bb_service_content_text\"><\/div><\/div><\/div><\/div><\/div><div  class=\"bt_bb_column col-md-6 col-sm-12 bt_bb_align_left bt_bb_vertical_align_top bt_bb_animation_fade_in animate bt_bb_padding_normal bt_bb_mobile_align_to_left_edge bt_bb_animation_fade_in animate\"  data-width=\"6\"><div class=\"bt_bb_column_content\"><div class=\"bt_bb_separator bt_bb_border_style_none bt_bb_bottom_spacing_small\" data-bt-override-class=\"null\"><\/div><div class=\"bt_bb_image bt_bb_shape_square bt_bb_target_self bt_bb_align_inherit bt_bb_hover_style_simple bt_bb_content_display_always bt_bb_content_align_middle\" data-bt-override-class=\"{}\"><span><img width=\"709\" height=\"546\" src=\"https:\/\/www.accessecure.ca\/wp-content\/uploads\/2020\/05\/thermal-camera-recommend.jpg\" class=\"attachment-full size-full\" alt=\"https:\/\/www.accessecure.ca\/wp-content\/uploads\/2020\/05\/thermal-camera-recommend.jpg\" data-full_image_src=\"https:\/\/www.accessecure.ca\/wp-content\/uploads\/2020\/05\/thermal-camera-recommend.jpg\" title=\"thermal-camera-recommend\" srcset=\"https:\/\/www.accessecure.ca\/wp-content\/uploads\/2020\/05\/thermal-camera-recommend.jpg 709w, https:\/\/www.accessecure.ca\/wp-content\/uploads\/2020\/05\/thermal-camera-recommend-640x493.jpg 640w, https:\/\/www.accessecure.ca\/wp-content\/uploads\/2020\/05\/thermal-camera-recommend-320x246.jpg 320w\" sizes=\"(max-width: 709px) 100vw, 709px\" \/><\/span><\/div><div class=\"bt_bb_separator bt_bb_border_style_none bt_bb_bottom_spacing_normal\" data-bt-override-class=\"null\"><\/div><\/div><\/div><\/div><\/div><\/div><\/div><\/div><\/section><section id=\"bt_bb_section69f771c84c6c2\"  class=\"bt_bb_section bt_bb_bottom_spacing_medium bt_bb_layout_boxed_1200 bt_bb_vertical_align_top\" style=\"background-position:top;background-size:contain;\"><div class=\"bt_bb_port\"><div class=\"bt_bb_cell\"><div class=\"bt_bb_cell_inner\"><div class=\"bt_bb_row_wrapper\"><div  class=\"bt_bb_row\"  data-bt-override-class=\"{}\"><div  class=\"bt_bb_column col-md-12 col-ms-12 bt_bb_align_left bt_bb_vertical_align_top bt_bb_animation_fade_in move_up animate bt_bb_padding_normal bt_bb_animation_fade_in bt_bb_animation_move_up animate\"  data-width=\"12\"><div class=\"bt_bb_column_content\"><div class=\"bt_bb_separator bt_bb_border_style_none bt_bb_bottom_spacing_normal\" data-bt-override-class=\"null\"><\/div><header class=\"bt_bb_headline bt_bb_font_weight_light bt_bb_dash_top bt_bb_subheadline bt_bb_size_large bt_bb_align_inherit\" data-bt-override-class=\"{}\"><h2 style=\"font-size:2.5rem\" class=\"bt_bb_headline_tag\"><span class=\"bt_bb_headline_content\"><span><b>Remarque<\/b><br \/>\r\n<\/span><\/span><\/h2><div class=\"bt_bb_headline_subheadline\">Ce produit n'est pas un dispositif m\u00e9dical et n'est pas destin\u00e9 \u00e0 \u00eatre utilis\u00e9 dans le diagnostic, la gu\u00e9rison, l'att\u00e9nuation, le traitement ou la pr\u00e9vention de toute maladie ou autre condition m\u00e9dicale.<br \/>\r\n<br \/>\r\nSi vous avez des questions concernant ce produit, n'h\u00e9sitez pas \u00e0 nous contacter.<\/div><\/header><div class=\"bt_bb_separator bt_bb_border_style_none bt_bb_bottom_spacing_medium\" data-bt-override-class=\"null\"><\/div><\/div><\/div><\/div><\/div><\/div><\/div><\/div><\/section>","protected":false},"excerpt":{"rendered":"","protected":false},"author":1,"featured_media":0,"parent":0,"menu_order":0,"comment_status":"closed","ping_status":"closed","template":"","meta":{"_seopress_robots_primary_cat":""},"_links":{"self":[{"href":"https:\/\/www.accessecure.ca\/fr\/wp-json\/wp\/v2\/pages\/4672"}],"collection":[{"href":"https:\/\/www.accessecure.ca\/fr\/wp-json\/wp\/v2\/pages"}],"about":[{"href":"https:\/\/www.accessecure.ca\/fr\/wp-json\/wp\/v2\/types\/page"}],"author":[{"embeddable":true,"href":"https:\/\/www.accessecure.ca\/fr\/wp-json\/wp\/v2\/users\/1"}],"replies":[{"embeddable":true,"href":"https:\/\/www.accessecure.ca\/fr\/wp-json\/wp\/v2\/comments?post=4672"}],"version-history":[{"count":0,"href":"https:\/\/www.accessecure.ca\/fr\/wp-json\/wp\/v2\/pages\/4672\/revisions"}],"wp:attachment":[{"href":"https:\/\/www.accessecure.ca\/fr\/wp-json\/wp\/v2\/media?parent=4672"}],"curies":[{"name":"wp","href":"https:\/\/api.w.org\/{rel}","templated":true}]}}